{"id":13267,"date":"2023-11-21T22:20:50","date_gmt":"2023-11-21T21:20:50","guid":{"rendered":"https:\/\/ezquerroarquitectos.com\/?page_id=13267"},"modified":"2023-11-21T22:29:45","modified_gmt":"2023-11-21T21:29:45","slug":"biografia","status":"publish","type":"page","link":"https:\/\/ezquerroarquitectos.com\/index.php\/biografia\/","title":{"rendered":"Biograf\u00eda"},"content":{"rendered":"\t\t<div data-elementor-type=\"wp-page\" data-elementor-id=\"13267\" class=\"elementor elementor-13267\">\n\t\t\t\t\t\t\t<div class=\"elementor-element elementor-element-99ec671 e-flex e-con-boxed e-con e-parent\" data-id=\"99ec671\" data-element_type=\"container\" data-settings=\"{&quot;background_background&quot;:&quot;classic&quot;,&quot;content_width&quot;:&quot;boxed&quot;}\" data-core-v316-plus=\"true\">\n\t\t\t\t\t<div class=\"e-con-inner\">\n\t\t\t\t<div class=\"elementor-element elementor-element-69fb3be elementor-widget elementor-widget-heading\" data-id=\"69fb3be\" data-element_type=\"widget\" data-widget_type=\"heading.default\">\n\t\t\t\t<div class=\"elementor-widget-container\">\n\t\t\t<style>\/*! elementor - v3.17.0 - 08-11-2023 *\/\n.elementor-heading-title{padding:0;margin:0;line-height:1}.elementor-widget-heading .elementor-heading-title[class*=elementor-size-]>a{color:inherit;font-size:inherit;line-height:inherit}.elementor-widget-heading .elementor-heading-title.elementor-size-small{font-size:15px}.elementor-widget-heading .elementor-heading-title.elementor-size-medium{font-size:19px}.elementor-widget-heading .elementor-heading-title.elementor-size-large{font-size:29px}.elementor-widget-heading .elementor-heading-title.elementor-size-xl{font-size:39px}.elementor-widget-heading .elementor-heading-title.elementor-size-xxl{font-size:59px}<\/style><h3 class=\"elementor-heading-title elementor-size-default\">ARQ. CARLOS EZQUERRO<\/h3>\t\t<\/div>\n\t\t\t\t<\/div>\n\t\t\t\t<div class=\"elementor-element elementor-element-6498b0f elementor-widget elementor-widget-text-editor\" data-id=\"6498b0f\" data-element_type=\"widget\" data-widget_type=\"text-editor.default\">\n\t\t\t\t<div class=\"elementor-widget-container\">\n\t\t\t<style>\/*! elementor - v3.17.0 - 08-11-2023 *\/\n.elementor-widget-text-editor.elementor-drop-cap-view-stacked .elementor-drop-cap{background-color:#69727d;color:#fff}.elementor-widget-text-editor.elementor-drop-cap-view-framed .elementor-drop-cap{color:#69727d;border:3px solid;background-color:transparent}.elementor-widget-text-editor:not(.elementor-drop-cap-view-default) .elementor-drop-cap{margin-top:8px}.elementor-widget-text-editor:not(.elementor-drop-cap-view-default) .elementor-drop-cap-letter{width:1em;height:1em}.elementor-widget-text-editor .elementor-drop-cap{float:left;text-align:center;line-height:1;font-size:50px}.elementor-widget-text-editor .elementor-drop-cap-letter{display:inline-block}<\/style>\t\t\t\t<div class=\"wpb_text_column wpb_content_element \"><div class=\"wpb_wrapper\"><p>ESTUDI\u00c9 EN LA ESCUELA MEXICANA DE ARQUITECTURA DE LA UNIVERSIDAD LA SALLE, DESDE ESOS INICIOS COMPREND\u00cd QUE \u00a0LA ARQUITECTURA ERA MI VIDA.<\/p><\/div><\/div><div class=\"wpb_text_column wpb_content_element \"><div class=\"wpb_wrapper\"><p>PARA LOGRAR MIS OBJETIVOS DEDIQUE CADA HORA DEL D\u00cdA INCLUIDOS FINES DE SEMANA A MI \u00a0CARRERA.<\/p><p>ESO ME VALI\u00d3 PARA SER INVITADO A UN PROYECTO DE UN CONJUNTO DE CASAS EN CONDOMINIO HORIZONTAL, EN ESE MOMENTO CURSABA EL SEXTO SEMESTRE DE LA CARRERA, COMENZANDO DESDE ESE MOMENTO UNA SERIE DE PROYECTOS A LO LARGO DE ESOS A\u00d1OS.<\/p><p>LA PRIMERA CASA QUE DISE\u00d1E Y CONSTRUI FUE PARA MI EX-SUEGRO (CASA ROJAS) QUE EN PAZ DESCANSE QUIEN TUVO LA CONFIANZA DE CREER EN M\u00cd. \u00a0POSTERIORMENTE CONOC\u00cd AL ARQUITECTO GENARO DE ROSENWIEG DIRECTOR DE INMUEBLES BANAMEX, QUIEN ME SOLICITO VARIOS PROYECTOS DE SUCURSALES Y ESO ME PERMITI\u00d3 AL POCO TIEMPO ABRIR MI DESPACHO.<\/p><p>PARA EL OCTAVO SEMESTRE HAB\u00cdA DISE\u00d1ADO VARIAS CASAS Y BANCOS Y ME PUBLICARON UN PROYECTO DE UN CENTRO FINANCIERO EN DURANGO.<\/p><p>CUANDO ESTUVE M\u00c1S TRANQUILO, PENS\u00c9 ES EL MOMENTO DE RECIBIRME. PERO LA VIDA ME TEN\u00cdA UNA SORPRESA.<\/p><p>UN D\u00cdA COMO CUALQUIER OTRO, \u00a0YA CASADO Y CON UN BEB\u00c9 DE UN A\u00d1O, ESTANDO EN CASA ME DIO UNA HEMORRAGIA CEREBRAL Y VOLTE\u00d3 MI VIDA PROFESIONAL Y PERSONAL DE CABEZA.<\/p><p>EN ESE MOMENTO ESTABA CONSTRUYENDO 3 CASAS DE \u00a0500M2 Y TEN\u00cdA VARIOS PROYECTOS EN PROCESO.<\/p><p>COMO CONSECUENCIA DEL DERRAME, PERD\u00cd EL HABLA Y LA PARTE DERECHA \u00a0DE MI CUERPO QUED\u00d3 PARALIZADA.<\/p><p>ESE INCIDENTE ME LLEVO A CERRAR MI DESPACHO Y A COMENZAR LA REHABILITACI\u00d3N, FUERON MUCHOS A\u00d1OS DE TERAPIA F\u00cdSICA Y DE LENGUAJE, PERO NUNCA ME DI POR VENCIDO YO SAB\u00cdA QUE \u00a0CON CONSTANCIA SALDR\u00cdA DE ESTO, PERO TUVE QUE ABANDONAR MI PASI\u00d3N: LA ARQUITECTURA<\/p><p>PERO LA VIDA SIEMPRE TE RECOMPENSA Y HACE ALGUNOS A\u00d1OS EL ARQ. HOMERO HERN\u00c1NDEZ \u00a0DIR. DE LA CARRERA DE ARQUITECTURA DE LA UNIVERSIDAD LA SALLE A QUIEN APRECIO MUCHO ME DIO UN CONSEJO INVALUABLE, QUE PODR\u00cdA HACERLO CON MIS CONOCIMIENTOS Y CON UN REPORTE PROFESIONAL, DE NUEVA CUENTA VOLV\u00cd A PONER TODO MI EMPE\u00d1O Y ENTUSIASMO PARA LOGRARLO Y FINALMENTE CON LOS TRABAJOS REALIZADOS EN LOS PRIMEROS A\u00d1OS DE MI CARRERA \u00a0PUDE LOGRARLO, RECIBI\u00c9NDOME EN LA UNAM\u2026\u2026 (8 DE JUNIO DE 2015)<\/p><p>\u201cLA ARQUITECTURA NUNCA ME ABANDONO NI YO A ELLA\u201d<\/p><p>EL D\u00cdA DE HOY GOZO DE \u00a0SALUD Y PUEDO PROYECTAR, CREAR Y SOY MUY DICHOSO DE QUE DIOS ME HAYA DADO UNA SEGUNDA OPORTUNIDAD.<\/p><p>MI AGRADECIMIENTO ETERNO AL \u00a0SR. DIONISIO S\u00c1NCHEZ GONZ\u00c1LEZ, QUE EN PAZ DESCANSE, DIRECTOR\u00a0DE DE&amp;CA BIENES RA\u00cdCES Y OTRAS COMPA\u00d1\u00cdAS CON QUIENES HE TRABAJADO, POR CREER EN M\u00cd, PUES HE PODIDO REALIZAR GRACIAS A SU CONFIANZA PROYECTOS HABITACIONALES EXITOSOS POR LOS \u00daLTIMOS CUATRO A\u00d1OS.<\/p><p>PORQUE LO M\u00c1S IMPORTANTE EN LA VIDA ES JAM\u00c1S DARSE POR VENCIDO.<\/p><p><em>\u201cTODO GRAN ARQUITECTO, NECESARIAMENTE ES UN GRAN POETA, DEBE SER UN\u00a0 GRAN INT\u00c9RPRETE ORIGINAL DE SU TIEMPO, DE SUS D\u00cdAS, DE SU \u00c9POCA\u201d<\/em><\/p><p>\u2013 FRANK LLOYD WRIGHT<\/p><\/div><\/div>\t\t\t\t\t\t<\/div>\n\t\t\t\t<\/div>\n\t\t\t\t\t<\/div>\n\t\t\t\t<\/div>\n\t\t<div class=\"elementor-element elementor-element-011c534 e-flex e-con-boxed e-con e-parent\" data-id=\"011c534\" data-element_type=\"container\" data-settings=\"{&quot;background_background&quot;:&quot;classic&quot;,&quot;content_width&quot;:&quot;boxed&quot;}\" data-core-v316-plus=\"true\">\n\t\t\t\t\t<div class=\"e-con-inner\">\n\t\t<div class=\"elementor-element elementor-element-7f83843 e-con-full e-flex e-con e-child\" data-id=\"7f83843\" data-element_type=\"container\" data-settings=\"{&quot;content_width&quot;:&quot;full&quot;}\">\n\t\t\t\t<div class=\"elementor-element elementor-element-a85b366 elementor-widget__width-initial elementor-widget elementor-widget-ld_button\" data-id=\"a85b366\" data-element_type=\"widget\" data-widget_type=\"ld_button.default\">\n\t\t\t\t<div class=\"elementor-widget-container\">\n\t\t\t\n\t\t\t<a\n\t\t\t\thref=\"https:\/\/ezquerroarquitectos.com\/wp-content\/uploads\/2023\/11\/Titulo.jpeg\"class=\"elementor-button btn btn-solid btn-icon-shaped btn-has-label\"\t\t\t>\n\t\t\t\t\t\t\t\t\t<span data-text=\"VER TITULO PROFESIONAL\" class=\"btn-txt\">\n\t\t\t\t\t\tVER TITULO PROFESIONAL\t\t\t\t\t<\/span>\n\t\t\t\t\t\t\t\t\t\t\t<\/a>\n\t\t\t\t\t<\/div>\n\t\t\t\t<\/div>\n\t\t\t\t<\/div>\n\t\t<div class=\"elementor-element elementor-element-453c1a7 e-con-full e-flex e-con e-child\" data-id=\"453c1a7\" data-element_type=\"container\" data-settings=\"{&quot;content_width&quot;:&quot;full&quot;}\">\n\t\t\t\t<div class=\"elementor-element elementor-element-440178c elementor-widget__width-initial elementor-widget elementor-widget-ld_button\" data-id=\"440178c\" data-element_type=\"widget\" data-widget_type=\"ld_button.default\">\n\t\t\t\t<div class=\"elementor-widget-container\">\n\t\t\t\n\t\t\t<a\n\t\t\t\thref=\"https:\/\/ezquerroarquitectos.com\/wp-content\/uploads\/2023\/11\/universdida-arizona.jpeg\"class=\"elementor-button btn btn-solid btn-icon-shaped btn-has-label\"\t\t\t>\n\t\t\t\t\t\t\t\t\t<span data-text=\"VER DIPLOMA DE LA UNIVERSIDAD DE ARIZONA\" class=\"btn-txt\">\n\t\t\t\t\t\tVER DIPLOMA DE LA UNIVERSIDAD DE ARIZONA\t\t\t\t\t<\/span>\n\t\t\t\t\t\t\t\t\t\t\t<\/a>\n\t\t\t\t\t<\/div>\n\t\t\t\t<\/div>\n\t\t\t\t<\/div>\n\t\t<div class=\"elementor-element elementor-element-a9295f5 e-con-full e-flex e-con e-child\" data-id=\"a9295f5\" data-element_type=\"container\" data-settings=\"{&quot;content_width&quot;:&quot;full&quot;}\">\n\t\t\t\t<div class=\"elementor-element elementor-element-1b41e82 elementor-widget__width-initial elementor-widget elementor-widget-image\" data-id=\"1b41e82\" data-element_type=\"widget\" data-widget_type=\"image.default\">\n\t\t\t\t<div class=\"elementor-widget-container\">\n\t\t\t<style>\/*! elementor - v3.17.0 - 08-11-2023 *\/\n.elementor-widget-image{text-align:center}.elementor-widget-image a{display:inline-block}.elementor-widget-image a img[src$=\".svg\"]{width:48px}.elementor-widget-image img{vertical-align:middle;display:inline-block}<\/style>\t\t\t\t\t\t\t\t\t\t\t\t<img decoding=\"async\" width=\"300\" height=\"133\" src=\"https:\/\/ezquerroarquitectos.com\/wp-content\/uploads\/2023\/11\/arquitecto-carlos-ezquerro-firma-06-300x133.png\" class=\"attachment-medium size-medium wp-image-13181\" alt=\"\" srcset=\"https:\/\/ezquerroarquitectos.com\/wp-content\/uploads\/2023\/11\/arquitecto-carlos-ezquerro-firma-06-300x133.png 300w, https:\/\/ezquerroarquitectos.com\/wp-content\/uploads\/2023\/11\/arquitecto-carlos-ezquerro-firma-06-1024x453.png 1024w, https:\/\/ezquerroarquitectos.com\/wp-content\/uploads\/2023\/11\/arquitecto-carlos-ezquerro-firma-06.png 1026w\" sizes=\"(max-width: 300px) 100vw, 300px\" \/>\t\t\t\t\t\t\t\t\t\t\t\t\t\t\t<\/div>\n\t\t\t\t<\/div>\n\t\t\t\t<\/div>\n\t\t\t\t\t<\/div>\n\t\t\t\t<\/div>\n\t\t\t\t\t\t\t<\/div>\n\t\t","protected":false},"excerpt":{"rendered":"<p>ARQ. CARLOS EZQUERRO ESTUDI\u00c9 EN LA ESCUELA MEXICANA DE ARQUITECTURA DE LA UNIVERSIDAD LA SALLE, DESDE ESOS INICIOS COMPREND\u00cd QUE \u00a0LA ARQUITECTURA ERA MI VIDA. PARA LOGRAR MIS OBJETIVOS DEDIQUE CADA HORA DEL D\u00cdA INCLUIDOS FINES DE SEMANA A MI \u00a0CARRERA. ESO ME VALI\u00d3 PARA SER INVITADO A UN PROYECTO DE UN CONJUNTO DE CASAS [&hellip;]<\/p>\n","protected":false},"author":1,"featured_media":0,"parent":0,"menu_order":0,"comment_status":"closed","ping_status":"closed","template":"","meta":{"footnotes":""},"class_list":["post-13267","page","type-page","status-publish","hentry"],"yoast_head":"<!-- This site is optimized with the Yoast SEO plugin v23.6 - https:\/\/yoast.com\/wordpress\/plugins\/seo\/ -->\n<title>Biograf\u00eda - Carlos Ezquerro<\/title>\n<meta name=\"robots\" content=\"index, follow, max-snippet:-1, max-image-preview:large, max-video-preview:-1\" \/>\n<link rel=\"canonical\" href=\"https:\/\/ezquerroarquitectos.com\/index.php\/biografia\/\" \/>\n<meta property=\"og:locale\" content=\"en_US\" \/>\n<meta property=\"og:type\" content=\"article\" \/>\n<meta property=\"og:title\" content=\"Biograf\u00eda - Carlos Ezquerro\" \/>\n<meta property=\"og:description\" content=\"ARQ. CARLOS EZQUERRO ESTUDI\u00c9 EN LA ESCUELA MEXICANA DE ARQUITECTURA DE LA UNIVERSIDAD LA SALLE, DESDE ESOS INICIOS COMPREND\u00cd QUE \u00a0LA ARQUITECTURA ERA MI VIDA. PARA LOGRAR MIS OBJETIVOS DEDIQUE CADA HORA DEL D\u00cdA INCLUIDOS FINES DE SEMANA A MI \u00a0CARRERA. ESO ME VALI\u00d3 PARA SER INVITADO A UN PROYECTO DE UN CONJUNTO DE CASAS [&hellip;]\" \/>\n<meta property=\"og:url\" content=\"https:\/\/ezquerroarquitectos.com\/index.php\/biografia\/\" \/>\n<meta property=\"og:site_name\" content=\"Carlos Ezquerro\" \/>\n<meta property=\"article:modified_time\" content=\"2023-11-21T21:29:45+00:00\" \/>\n<meta property=\"og:image\" content=\"https:\/\/ezquerroarquitectos.com\/wp-content\/uploads\/2023\/11\/arquitecto-carlos-ezquerro-firma-06-300x133.png\" \/>\n<meta name=\"twitter:card\" content=\"summary_large_image\" \/>\n<meta name=\"twitter:label1\" content=\"Est. reading time\" \/>\n\t<meta name=\"twitter:data1\" content=\"3 minutes\" \/>\n<script type=\"application\/ld+json\" class=\"yoast-schema-graph\">{\"@context\":\"https:\/\/schema.org\",\"@graph\":[{\"@type\":\"WebPage\",\"@id\":\"https:\/\/ezquerroarquitectos.com\/index.php\/biografia\/\",\"url\":\"https:\/\/ezquerroarquitectos.com\/index.php\/biografia\/\",\"name\":\"Biograf\u00eda - Carlos Ezquerro\",\"isPartOf\":{\"@id\":\"https:\/\/ezquerroarquitectos.com\/#website\"},\"primaryImageOfPage\":{\"@id\":\"https:\/\/ezquerroarquitectos.com\/index.php\/biografia\/#primaryimage\"},\"image\":{\"@id\":\"https:\/\/ezquerroarquitectos.com\/index.php\/biografia\/#primaryimage\"},\"thumbnailUrl\":\"https:\/\/ezquerroarquitectos.com\/wp-content\/uploads\/2023\/11\/arquitecto-carlos-ezquerro-firma-06-300x133.png\",\"datePublished\":\"2023-11-21T21:20:50+00:00\",\"dateModified\":\"2023-11-21T21:29:45+00:00\",\"breadcrumb\":{\"@id\":\"https:\/\/ezquerroarquitectos.com\/index.php\/biografia\/#breadcrumb\"},\"inLanguage\":\"en-US\",\"potentialAction\":[{\"@type\":\"ReadAction\",\"target\":[\"https:\/\/ezquerroarquitectos.com\/index.php\/biografia\/\"]}]},{\"@type\":\"ImageObject\",\"inLanguage\":\"en-US\",\"@id\":\"https:\/\/ezquerroarquitectos.com\/index.php\/biografia\/#primaryimage\",\"url\":\"https:\/\/ezquerroarquitectos.com\/wp-content\/uploads\/2023\/11\/arquitecto-carlos-ezquerro-firma-06.png\",\"contentUrl\":\"https:\/\/ezquerroarquitectos.com\/wp-content\/uploads\/2023\/11\/arquitecto-carlos-ezquerro-firma-06.png\",\"width\":1026,\"height\":454},{\"@type\":\"BreadcrumbList\",\"@id\":\"https:\/\/ezquerroarquitectos.com\/index.php\/biografia\/#breadcrumb\",\"itemListElement\":[{\"@type\":\"ListItem\",\"position\":1,\"name\":\"Home\",\"item\":\"https:\/\/ezquerroarquitectos.com\/\"},{\"@type\":\"ListItem\",\"position\":2,\"name\":\"Biograf\u00eda\"}]},{\"@type\":\"WebSite\",\"@id\":\"https:\/\/ezquerroarquitectos.com\/#website\",\"url\":\"https:\/\/ezquerroarquitectos.com\/\",\"name\":\"Carlos Ezquerro\",\"description\":\"| Arquitecto\",\"publisher\":{\"@id\":\"https:\/\/ezquerroarquitectos.com\/#organization\"},\"potentialAction\":[{\"@type\":\"SearchAction\",\"target\":{\"@type\":\"EntryPoint\",\"urlTemplate\":\"https:\/\/ezquerroarquitectos.com\/?s={search_term_string}\"},\"query-input\":{\"@type\":\"PropertyValueSpecification\",\"valueRequired\":true,\"valueName\":\"search_term_string\"}}],\"inLanguage\":\"en-US\"},{\"@type\":\"Organization\",\"@id\":\"https:\/\/ezquerroarquitectos.com\/#organization\",\"name\":\"Carlos Ezquerro\",\"url\":\"https:\/\/ezquerroarquitectos.com\/\",\"logo\":{\"@type\":\"ImageObject\",\"inLanguage\":\"en-US\",\"@id\":\"https:\/\/ezquerroarquitectos.com\/#\/schema\/logo\/image\/\",\"url\":\"https:\/\/ezquerroarquitectos.com\/wp-content\/uploads\/2021\/11\/arq-08.png\",\"contentUrl\":\"https:\/\/ezquerroarquitectos.com\/wp-content\/uploads\/2021\/11\/arq-08.png\",\"width\":390,\"height\":137,\"caption\":\"Carlos Ezquerro\"},\"image\":{\"@id\":\"https:\/\/ezquerroarquitectos.com\/#\/schema\/logo\/image\/\"}}]}<\/script>\n<!-- \/ Yoast SEO plugin. -->","yoast_head_json":{"title":"Biograf\u00eda - Carlos Ezquerro","robots":{"index":"index","follow":"follow","max-snippet":"max-snippet:-1","max-image-preview":"max-image-preview:large","max-video-preview":"max-video-preview:-1"},"canonical":"https:\/\/ezquerroarquitectos.com\/index.php\/biografia\/","og_locale":"en_US","og_type":"article","og_title":"Biograf\u00eda - Carlos Ezquerro","og_description":"ARQ. CARLOS EZQUERRO ESTUDI\u00c9 EN LA ESCUELA MEXICANA DE ARQUITECTURA DE LA UNIVERSIDAD LA SALLE, DESDE ESOS INICIOS COMPREND\u00cd QUE \u00a0LA ARQUITECTURA ERA MI VIDA. PARA LOGRAR MIS OBJETIVOS DEDIQUE CADA HORA DEL D\u00cdA INCLUIDOS FINES DE SEMANA A MI \u00a0CARRERA. ESO ME VALI\u00d3 PARA SER INVITADO A UN PROYECTO DE UN CONJUNTO DE CASAS [&hellip;]","og_url":"https:\/\/ezquerroarquitectos.com\/index.php\/biografia\/","og_site_name":"Carlos Ezquerro","article_modified_time":"2023-11-21T21:29:45+00:00","og_image":[{"url":"https:\/\/ezquerroarquitectos.com\/wp-content\/uploads\/2023\/11\/arquitecto-carlos-ezquerro-firma-06-300x133.png"}],"twitter_card":"summary_large_image","twitter_misc":{"Est. reading time":"3 minutes"},"schema":{"@context":"https:\/\/schema.org","@graph":[{"@type":"WebPage","@id":"https:\/\/ezquerroarquitectos.com\/index.php\/biografia\/","url":"https:\/\/ezquerroarquitectos.com\/index.php\/biografia\/","name":"Biograf\u00eda - Carlos Ezquerro","isPartOf":{"@id":"https:\/\/ezquerroarquitectos.com\/#website"},"primaryImageOfPage":{"@id":"https:\/\/ezquerroarquitectos.com\/index.php\/biografia\/#primaryimage"},"image":{"@id":"https:\/\/ezquerroarquitectos.com\/index.php\/biografia\/#primaryimage"},"thumbnailUrl":"https:\/\/ezquerroarquitectos.com\/wp-content\/uploads\/2023\/11\/arquitecto-carlos-ezquerro-firma-06-300x133.png","datePublished":"2023-11-21T21:20:50+00:00","dateModified":"2023-11-21T21:29:45+00:00","breadcrumb":{"@id":"https:\/\/ezquerroarquitectos.com\/index.php\/biografia\/#breadcrumb"},"inLanguage":"en-US","potentialAction":[{"@type":"ReadAction","target":["https:\/\/ezquerroarquitectos.com\/index.php\/biografia\/"]}]},{"@type":"ImageObject","inLanguage":"en-US","@id":"https:\/\/ezquerroarquitectos.com\/index.php\/biografia\/#primaryimage","url":"https:\/\/ezquerroarquitectos.com\/wp-content\/uploads\/2023\/11\/arquitecto-carlos-ezquerro-firma-06.png","contentUrl":"https:\/\/ezquerroarquitectos.com\/wp-content\/uploads\/2023\/11\/arquitecto-carlos-ezquerro-firma-06.png","width":1026,"height":454},{"@type":"BreadcrumbList","@id":"https:\/\/ezquerroarquitectos.com\/index.php\/biografia\/#breadcrumb","itemListElement":[{"@type":"ListItem","position":1,"name":"Home","item":"https:\/\/ezquerroarquitectos.com\/"},{"@type":"ListItem","position":2,"name":"Biograf\u00eda"}]},{"@type":"WebSite","@id":"https:\/\/ezquerroarquitectos.com\/#website","url":"https:\/\/ezquerroarquitectos.com\/","name":"Carlos Ezquerro","description":"| Arquitecto","publisher":{"@id":"https:\/\/ezquerroarquitectos.com\/#organization"},"potentialAction":[{"@type":"SearchAction","target":{"@type":"EntryPoint","urlTemplate":"https:\/\/ezquerroarquitectos.com\/?s={search_term_string}"},"query-input":{"@type":"PropertyValueSpecification","valueRequired":true,"valueName":"search_term_string"}}],"inLanguage":"en-US"},{"@type":"Organization","@id":"https:\/\/ezquerroarquitectos.com\/#organization","name":"Carlos Ezquerro","url":"https:\/\/ezquerroarquitectos.com\/","logo":{"@type":"ImageObject","inLanguage":"en-US","@id":"https:\/\/ezquerroarquitectos.com\/#\/schema\/logo\/image\/","url":"https:\/\/ezquerroarquitectos.com\/wp-content\/uploads\/2021\/11\/arq-08.png","contentUrl":"https:\/\/ezquerroarquitectos.com\/wp-content\/uploads\/2021\/11\/arq-08.png","width":390,"height":137,"caption":"Carlos Ezquerro"},"image":{"@id":"https:\/\/ezquerroarquitectos.com\/#\/schema\/logo\/image\/"}}]}},"_links":{"self":[{"href":"https:\/\/ezquerroarquitectos.com\/index.php\/wp-json\/wp\/v2\/pages\/13267"}],"collection":[{"href":"https:\/\/ezquerroarquitectos.com\/index.php\/wp-json\/wp\/v2\/pages"}],"about":[{"href":"https:\/\/ezquerroarquitectos.com\/index.php\/wp-json\/wp\/v2\/types\/page"}],"author":[{"embeddable":true,"href":"https:\/\/ezquerroarquitectos.com\/index.php\/wp-json\/wp\/v2\/users\/1"}],"replies":[{"embeddable":true,"href":"https:\/\/ezquerroarquitectos.com\/index.php\/wp-json\/wp\/v2\/comments?post=13267"}],"version-history":[{"count":10,"href":"https:\/\/ezquerroarquitectos.com\/index.php\/wp-json\/wp\/v2\/pages\/13267\/revisions"}],"predecessor-version":[{"id":13282,"href":"https:\/\/ezquerroarquitectos.com\/index.php\/wp-json\/wp\/v2\/pages\/13267\/revisions\/13282"}],"wp:attachment":[{"href":"https:\/\/ezquerroarquitectos.com\/index.php\/wp-json\/wp\/v2\/media?parent=13267"}],"curies":[{"name":"wp","href":"https:\/\/api.w.org\/{rel}","templated":true}]}}